{"id":1834,"date":"2022-09-23T08:43:42","date_gmt":"2022-09-23T08:43:42","guid":{"rendered":"https:\/\/demo.7iquid.com\/carmelina\/?page_id=1834"},"modified":"2025-11-05T12:53:10","modified_gmt":"2025-11-05T12:53:10","slug":"impressum","status":"publish","type":"page","link":"https:\/\/www.kramersacherl.at\/en\/impressum\/","title":{"rendered":"Impressum"},"content":{"rendered":"<div data-elementor-type=\"wp-page\" data-elementor-id=\"1834\" class=\"elementor elementor-1834\">\n\t\t\t\t        <section class=\"elementor-section elementor-top-section elementor-element elementor-element-79dcc1e elementor-section-boxed elementor-section-height-default elementor-section-height-default pxl-section-static-pos-no pxl-section-overflow-hidden-no pxl-container-margin-auto-no\" data-id=\"79dcc1e\" data-element_type=\"section\">\n\n                \n                <div class=\"elementor-container elementor-column-gap-default\">\n                <div class=\"elementor-column elementor-col-100 elementor-top-column elementor-element elementor-element-7830b5d col-offset-none pxl-column-element-default pxl-column-overflow-hidden-no\" data-id=\"7830b5d\" data-element_type=\"column\">\r\n        <div class=\"elementor-widget-wrap elementor-element-populated\">\r\n                    \t\t<div class=\"elementor-element elementor-element-eccd459 elementor-invisible pxl-elementor-animate elementor-widget elementor-widget-pxl_text_editor\" data-id=\"eccd459\" data-element_type=\"widget\" data-settings=\"{&quot;_animation&quot;:&quot;fadeInUp&quot;}\" data-widget_type=\"pxl_text_editor.default\">\n\t\t\t\t<div class=\"elementor-widget-container\">\n\t\t\t\t\t<div id=\"pxl_text_editor-eccd459-9209\" class=\"pxl-text-editor-wrap d-flex\" >\n\t<div class=\"pxl-text-editor elementor-clearfix\">\n\t\t<hr data-start=\"185\" data-end=\"188\" \/><p data-start=\"190\" data-end=\"389\"><strong data-start=\"190\" data-end=\"221\">\u00a0Kramersacherl Raab<\/strong><br data-start=\"221\" data-end=\"224\" \/>Eigent\u00fcmer Irger Manfred Br\u00fcndl<br data-start=\"244\" data-end=\"247\" \/>Raab 40<br data-start=\"254\" data-end=\"257\" \/>4760 Raab<br data-start=\"266\" data-end=\"269\" \/>Tel.: 0043 6608342477<br data-start=\"291\" data-end=\"294\" \/>E-Mail: <a class=\"decorated-link cursor-pointer\" rel=\"noopener\" data-start=\"302\" data-end=\"323\" data-is-only-node=\"\">info@kramersacherl.at<\/a><br data-start=\"323\" data-end=\"326\" \/>Homepage: <a class=\"decorated-link\" href=\"http:\/\/www.kramersacherl.at\/en\/\" target=\"_new\" rel=\"noopener\" data-start=\"336\" data-end=\"387\">www.kramersacherl.at<\/a><\/p><p data-start=\"391\" data-end=\"473\">Gilt auch f\u00fcr Newsletter und Social Media<br data-start=\"432\" data-end=\"435\" \/>(Facebook, Instagram, Youtube, Xing)<\/p><p data-start=\"475\" data-end=\"660\"><strong data-start=\"475\" data-end=\"518\">Konzeption, Webdesign &amp; Programmierung:<\/strong><br data-start=\"518\" data-end=\"521\" \/>CM Software GmbH<br data-start=\"537\" data-end=\"540\" \/>Jagern 64<br data-start=\"549\" data-end=\"552\" \/>4761 Enzenkirchen<br data-start=\"569\" data-end=\"572\" \/>E-Mail: <a class=\"decorated-link cursor-pointer\" rel=\"noopener\" data-start=\"580\" data-end=\"605\">office@cm-softwaregmbh.at<\/a><br data-start=\"605\" data-end=\"608\" \/>Web: <a class=\"decorated-link\" href=\"http:\/\/www.werbeagent.at\" target=\"_new\" rel=\"noopener\" data-start=\"613\" data-end=\"658\">www.werbeagent.at<\/a><\/p><p data-start=\"662\" data-end=\"1041\"><strong data-start=\"662\" data-end=\"715\">Hinweisgebersystem \u2013 Vertraulich und rechtssicher<\/strong><\/p><p data-start=\"662\" data-end=\"1041\"><br data-start=\"715\" data-end=\"718\" \/>Hier kannst du als Mitarbeiter, Gesch\u00e4ftspartner, Lieferant oder Kunde Verst\u00f6\u00dfe gegen gesetzliche Vorschriften oder unseren Verhaltenskodex melden. Deine Meldung wird streng vertraulich behandelt und gem\u00e4\u00df den Vorgaben des HinweisgeberInnenschutzgesetzes (HSchG) sowie der EU-Whistleblower-Richtlinie (2019\/1937) gepr\u00fcft.<\/p><p data-start=\"1043\" data-end=\"1256\">Wir nehmen deine Hinweise ernst und sorgen f\u00fcr eine sorgf\u00e4ltige Bearbeitung. Falls R\u00fcckfragen notwendig sind, melden wir uns bei dir.<br data-start=\"1176\" data-end=\"1179\" \/>Bitte sende deine Meldung an folgende E-Mail-Adresse: <a class=\"decorated-link cursor-pointer\" rel=\"noopener\" data-start=\"1233\" data-end=\"1254\">info@kramersacherl.at<\/a><\/p>\t\t\n\t<\/div>\n<\/div>\t\t\t\t<\/div>\n\t\t\t\t<\/div>\n\t\t\t\t<div class=\"elementor-element elementor-element-c11b9ef elementor-widget elementor-widget-pxl_divider\" data-id=\"c11b9ef\" data-element_type=\"widget\" data-widget_type=\"pxl_divider.default\">\n\t\t\t\t<div class=\"elementor-widget-container\">\n\t\t\t\t\t<div class=\"pxl-divider horizontal animated normal\"><div class=\"pxl-divider-separator\"><\/div><\/div>\t\t\t\t<\/div>\n\t\t\t\t<\/div>\n\t\t                    <\/div>\r\n        <\/div>\r\n        \t\t\t<\/div>\n\t\t<\/section>\n\t\t\t\t<\/div>","protected":false},"excerpt":{"rendered":"<p>\u00a0Kramersacherl RaabEigent\u00fcmer Irger Manfred Br\u00fcndlRaab 404760 RaabTel.: 0043 6608342477E-Mail: info@kramersacherl.atHomepage: www.kramersacherl.at Gilt auch f\u00fcr Newsletter und Social Media(Facebook, Instagram, Youtube, Xing) Konzeption, Webdesign &amp; Programmierung:CM Software GmbHJagern 644761 EnzenkirchenE-Mail: office@cm-softwaregmbh.atWeb: www.werbeagent.at Hinweisgebersystem \u2013 Vertraulich und rechtssicher Hier kannst du als Mitarbeiter, Gesch\u00e4ftspartner, Lieferant oder Kunde Verst\u00f6\u00dfe gegen gesetzliche Vorschriften oder unseren Verhaltenskodex melden. Deine Meldung [&hellip;]<\/p>\n","protected":false},"author":1,"featured_media":0,"parent":0,"menu_order":0,"comment_status":"closed","ping_status":"closed","template":"","meta":{"footnotes":""},"class_list":["post-1834","page","type-page","status-publish","hentry"],"_links":{"self":[{"href":"https:\/\/www.kramersacherl.at\/en\/wp-json\/wp\/v2\/pages\/1834","targetHints":{"allow":["GET"]}}],"collection":[{"href":"https:\/\/www.kramersacherl.at\/en\/wp-json\/wp\/v2\/pages"}],"about":[{"href":"https:\/\/www.kramersacherl.at\/en\/wp-json\/wp\/v2\/types\/page"}],"author":[{"embeddable":true,"href":"https:\/\/www.kramersacherl.at\/en\/wp-json\/wp\/v2\/users\/1"}],"replies":[{"embeddable":true,"href":"https:\/\/www.kramersacherl.at\/en\/wp-json\/wp\/v2\/comments?post=1834"}],"version-history":[{"count":15,"href":"https:\/\/www.kramersacherl.at\/en\/wp-json\/wp\/v2\/pages\/1834\/revisions"}],"predecessor-version":[{"id":20739,"href":"https:\/\/www.kramersacherl.at\/en\/wp-json\/wp\/v2\/pages\/1834\/revisions\/20739"}],"wp:attachment":[{"href":"https:\/\/www.kramersacherl.at\/en\/wp-json\/wp\/v2\/media?parent=1834"}],"curies":[{"name":"wp","href":"https:\/\/api.w.org\/{rel}","templated":true}]}}